{"id":1155,"date":"2025-07-09T13:55:15","date_gmt":"2025-07-09T11:55:15","guid":{"rendered":"https:\/\/bekesmegye.reformatus.hu\/?page_id=1155"},"modified":"2025-08-13T10:24:02","modified_gmt":"2025-08-13T08:24:02","slug":"kapcsolat","status":"publish","type":"page","link":"https:\/\/bekesmegye.reformatus.hu\/?page_id=1155","title":{"rendered":"Kapcsolat"},"content":{"rendered":"<h3 style=\"text-align: center;\"><strong>B\u00e9k\u00e9si telephely: Balogh M\u00e1ty\u00e1s Reform\u00e1tus Diak\u00f3niai K\u00f6zpont<\/strong><\/h3>\n<p style=\"text-align: center;\"><strong>F\u0151igazgat\u00f3-Lelk\u00e9sz: Hunyadyn\u00e9 Cserge M\u00e1ria<\/strong><\/p>\n<p style=\"text-align: center;\">Telefonsz\u00e1m: 06203338381<\/p>\n<p style=\"text-align: center;\">Email: balogh.matyas.rdk@gmail.com<\/p>\n<p style=\"text-align: center;\"><strong>Felv\u00e9tel:<br \/>\n<\/strong>Telefonsz\u00e1m: 06204518373<\/p>\n<p style=\"text-align: center;\">Email: mentalhigiene@bekesmegye.reformatus.hu<\/p>\n<p>&nbsp;<\/p>\n<h3 style=\"text-align: center;\"><strong>V\u00e9szt\u0151i telephely<\/strong><\/h3>\n<p style=\"text-align: center;\"><strong>Telephelyvezet\u0151-Int\u00e9zm\u00e9nyi lelk\u00e9sz: Kocsis \u00c1d\u00e1m<\/strong><\/p>\n<p style=\"text-align: center;\">Telefonsz\u00e1m: 06204488767<\/p>\n<p style=\"text-align: center;\">Email: kocsis.adam@bekesmegye.reformatus.hu<\/p>\n<p>&nbsp;<\/p>\n<h3 style=\"text-align: center;\"><strong>Ok\u00e1nyi telephely<\/strong><\/h3>\n<p style=\"text-align: center;\"><strong>Telephelyvezet\u0151: Bod\u00f3n\u00e9 T\u00f6r\u00f6k Henrietta<\/strong><\/p>\n<p style=\"text-align: center;\">Telefonsz\u00e1m: 06203645973<\/p>\n<p style=\"text-align: center;\">Email: bodone.torok.heni@bekesmegye.reformatus.hu<\/p>\n<p>&nbsp;<\/p>\n<p>&nbsp;<\/p>\n<p>&nbsp;<\/p>\n","protected":false},"excerpt":{"rendered":"<p>B\u00e9k\u00e9si telephely: Balogh M\u00e1ty\u00e1s Reform\u00e1tus Diak\u00f3niai K\u00f6zpont F\u0151igazgat\u00f3-Lelk\u00e9sz: Hunyadyn\u00e9 Cserge M\u00e1ria Telefonsz\u00e1m: 06203338381 Email: balogh.matyas.rdk@gmail.com Felv\u00e9tel: Telefonsz\u00e1m: 06204518373 Email: mentalhigiene@bekesmegye.reformatus.hu &nbsp; V\u00e9szt\u0151i telephely Telephelyvezet\u0151-Int\u00e9zm\u00e9nyi lelk\u00e9sz: Kocsis \u00c1d\u00e1m Telefonsz\u00e1m: 06204488767 Email:<\/p>\n","protected":false},"author":60,"featured_media":0,"parent":0,"menu_order":0,"comment_status":"closed","ping_status":"closed","template":"","meta":{"_bbp_topic_count":0,"_bbp_reply_count":0,"_bbp_total_topic_count":0,"_bbp_total_reply_count":0,"_bbp_voice_count":0,"_bbp_anonymous_reply_count":0,"_bbp_topic_count_hidden":0,"_bbp_reply_count_hidden":0,"_bbp_forum_subforum_count":0,"_themeisle_gutenberg_block_has_review":false,"footnotes":""},"class_list":["post-1155","page","type-page","status-publish","hentry"],"jetpack_sharing_enabled":true,"_links":{"self":[{"href":"https:\/\/bekesmegye.reformatus.hu\/index.php?rest_route=\/wp\/v2\/pages\/1155","targetHints":{"allow":["GET"]}}],"collection":[{"href":"https:\/\/bekesmegye.reformatus.hu\/index.php?rest_route=\/wp\/v2\/pages"}],"about":[{"href":"https:\/\/bekesmegye.reformatus.hu\/index.php?rest_route=\/wp\/v2\/types\/page"}],"author":[{"embeddable":true,"href":"https:\/\/bekesmegye.reformatus.hu\/index.php?rest_route=\/wp\/v2\/users\/60"}],"replies":[{"embeddable":true,"href":"https:\/\/bekesmegye.reformatus.hu\/index.php?rest_route=%2Fwp%2Fv2%2Fcomments&post=1155"}],"version-history":[{"count":4,"href":"https:\/\/bekesmegye.reformatus.hu\/index.php?rest_route=\/wp\/v2\/pages\/1155\/revisions"}],"predecessor-version":[{"id":1239,"href":"https:\/\/bekesmegye.reformatus.hu\/index.php?rest_route=\/wp\/v2\/pages\/1155\/revisions\/1239"}],"wp:attachment":[{"href":"https:\/\/bekesmegye.reformatus.hu\/index.php?rest_route=%2Fwp%2Fv2%2Fmedia&parent=1155"}],"curies":[{"name":"wp","href":"https:\/\/api.w.org\/{rel}","templated":true}]}}