{"id":200,"date":"2018-08-03T14:29:44","date_gmt":"2018-08-03T12:29:44","guid":{"rendered":"http:\/\/bekesmegye.reformatus.hu\/?page_id=200"},"modified":"2025-05-22T08:00:44","modified_gmt":"2025-05-22T06:00:44","slug":"intezmenyek","status":"publish","type":"page","link":"https:\/\/bekesmegye.reformatus.hu\/?page_id=200","title":{"rendered":"Int\u00e9zm\u00e9nyek bemutat\u00e1sa"},"content":{"rendered":"\t\t<div data-elementor-type=\"wp-page\" data-elementor-id=\"200\" class=\"elementor elementor-200\">\n\t\t\t\t<div class=\"elementor-element elementor-element-14e8d8d6 e-flex e-con-boxed wpr-particle-no wpr-jarallax-no wpr-parallax-no wpr-sticky-section-no e-con e-parent\" data-id=\"14e8d8d6\" data-element_type=\"container\">\n\t\t\t\t\t<div class=\"e-con-inner\">\n\t\t\t\t<div class=\"elementor-element elementor-element-41fd2a09 elementor-widget elementor-widget-text-editor\" data-id=\"41fd2a09\" data-element_type=\"widget\" data-widget_type=\"text-editor.default\">\n\t\t\t\t<div class=\"elementor-widget-container\">\n\t\t\t\t\t\t\t\t\t<p><span style=\"color: #000000;\"><strong>K\u00f6sz\u00f6nt\u0151:<\/strong><\/span><\/p>\n<p>\u00a0<\/p>\n<p style=\"text-align: justify;\"><span style=\"color: #000000;\">A B\u00e9k\u00e9si Reform\u00e1tus Egyh\u00e1zmegye nev\u00e9ben, szeretettel k\u00f6sz\u00f6nt\u00f6m a Balogh M\u00e1ty\u00e1s <\/span><span style=\"color: #000000;\">Reform\u00e1tus Diak\u00f3niai K\u00f6zpont minden kedves lak\u00f3j\u00e1t, a hozz\u00e1tartoz\u00f3kat \u00e9s l\u00e1togat\u00f3kat!<\/span><\/p>\n<p style=\"text-align: justify;\"><span style=\"color: #000000;\">Otthonunkat a Szent\u00edr\u00e1s tan\u00edt\u00e1sa alapj\u00e1n az a kereszty\u00e9n szellemis\u00e9g jellemzi, <\/span><span style=\"color: #000000;\">amelyben \u00e1t\u00e9rezhetj\u00fck, hogy egy Aty\u00e1nak a gyermekei \u00e9s egym\u00e1snak testv\u00e9rei vagyunk.<\/span><\/p>\n<p style=\"text-align: justify;\"><span style=\"color: #000000;\">Munk\u00e1nkat e szerint igyeksz\u00fcnk v\u00e9gezni, ez\u00e9rt szolg\u00e1latunk nem csup\u00e1n csak emberbar\u00e1ti <\/span><span style=\"color: #000000;\">szeretet, nem csup\u00e1n csak szolidarit\u00e1s, hanem Krisztus t\u00f6rv\u00e9ny\u00e9nek bet\u00f6lt\u00e9se, teljes\u00edt\u00e9se is.<\/span><\/p>\n<p style=\"text-align: justify;\"><span style=\"color: #000000;\">Int\u00e9zm\u00e9ny\u00fcnk szorosan beilleszkedik a magyar t\u00e1rsadalmi rendszerbe is, \u00edgy r\u00e1nk is <\/span><span style=\"color: #000000;\">ugyanazok a t\u00f6rv\u00e9nyes el\u0151\u00edr\u00e1sok vonatkoznak, mint minden m\u00e1s \u00f6nkorm\u00e1nyzati, \u00e1llami <\/span><span style=\"color: #000000;\">int\u00e9zm\u00e9nyre.<\/span><\/p>\n<p>\u00a0<\/p>\n<p style=\"text-align: justify;\"><span style=\"color: #000000;\">H\u00e1zirend\u00fcnk az al\u00e1bbi rendeleteket \u00e9s t\u00f6rv\u00e9nyeket haszn\u00e1lja fel:<\/span><\/p>\n<p>\u00a0<\/p>\n<ol>\n<li style=\"text-align: justify;\"><span style=\"color: #000000;\">A szoci\u00e1lis igazgat\u00e1sr\u00f3l \u00e9s szoci\u00e1lis ell\u00e1t\u00e1sokr\u00f3l sz\u00f3l\u00f3 1993. \u00e9vi III. t\u00f6rv\u00e9ny.<\/span><\/li>\n<li style=\"text-align: justify;\"><span style=\"color: #000000;\">1\/2000.(I. 7.) SZCSM rendelet, mely a szem\u00e9lyes gondoskod\u00e1st ny\u00fajt\u00f3 szoci\u00e1lis <\/span>int\u00e9zm\u00e9nyek szakmai feladatair\u00f3l \u00e9s m\u0171k\u00f6d\u00e9si felt\u00e9teleir\u0151l sz\u00f3l.<\/li>\n<\/ol>\n<ol style=\"text-align: justify;\" start=\"3\">\n<li><span style=\"color: #000000;\">Szem\u00e9lyes gondoskod\u00e1st ny\u00fajt\u00f3 szoci\u00e1lis ell\u00e1t\u00e1sok ig\u00e9nybev\u00e9tel\u00e9r\u0151l sz\u00f3l\u00f3 9\/1999.<\/span><\/li>\n<\/ol>\n<p style=\"text-align: justify;\"><span style=\"color: #000000;\">(XI. 24.) SZCSM rendelet.<\/span><\/p>\n<ol style=\"text-align: justify;\" start=\"4\">\n<li><span style=\"color: #000000;\">A szem\u00e9lyes gondoskod\u00e1st ny\u00fajt\u00f3 szoci\u00e1lis ell\u00e1t\u00e1sok t\u00e9r\u00edt\u00e9si d\u00edj\u00e1r\u00f3l sz\u00f3l\u00f3 29\/1993.<\/span><\/li>\n<\/ol>\n<p style=\"text-align: justify;\"><span style=\"color: #000000;\">(II. 17.). Korm\u00e1nyrendelet.<\/span><\/p>\n<p style=\"text-align: justify;\">\u00a0<\/p>\n<p style=\"text-align: justify;\"><span style=\"color: #000000;\">K\u00e9rj\u00fck \u00d6n\u00f6ket, hogy a k\u00f6lcs\u00f6n\u00f6s tisztelet \u00e9s megbecs\u00fcl\u00e9s jegy\u00e9ben igyekezz\u00fcnk a <\/span><span style=\"color: #000000;\">H\u00e1zirend min\u00e9l pontosabb betart\u00e1s\u00e1ra, hogy int\u00e9zm\u00e9ny\u00fcnk, amely az itt \u00e9l\u0151k otthona, <\/span><span style=\"color: #000000;\">zavartalanul \u00e9s j\u00f3l m\u0171k\u00f6dhessen.<\/span><\/p>\n<p>\u00a0<\/p>\n<p><span style=\"color: #000000;\">A sz\u00e9p reform\u00e1tus k\u00f6sz\u00f6nt\u00e9ssel z\u00e1rom bevezet\u0151met:<\/span><\/p>\n<p>\u00a0<\/p>\n<p><span style=\"color: #000000;\"><strong>\u00c1ld\u00e1st \u00e9s b\u00e9kess\u00e9get k\u00edv\u00e1nok testv\u00e9ri szeretettel:<\/strong><\/span><\/p>\n<p>\u00a0<\/p>\n<p style=\"text-align: center;\"><span style=\"color: #000000;\">Demeter Ott\u00f3<\/span><\/p>\n<p style=\"text-align: center;\"><span style=\"color: #000000;\">esperes<\/span><\/p>\n<p>\u00a0<\/p>\n<p><span style=\"color: #000000;\">L\u00e1togass\u00e1k meg a tov\u00e1bbi telephelyeinket:<br \/><br \/><\/span><\/p>\n<p><img decoding=\"async\" class=\"alignnone wp-image-797\" src=\"https:\/\/bekesmegye.reformatus.hu\/wp-content\/uploads\/Z61534-300x200.jpg\" alt=\"\" width=\"225\" height=\"150\" \/> <img decoding=\"async\" class=\"alignnone wp-image-775\" src=\"https:\/\/bekesmegye.reformatus.hu\/wp-content\/uploads\/Reformatus-Nefelejcs-Otthon-300x225.png\" alt=\"\" width=\"199\" height=\"150\" srcset=\"https:\/\/bekesmegye.reformatus.hu\/wp-content\/uploads\/Reformatus-Nefelejcs-Otthon-300x225.png 300w, https:\/\/bekesmegye.reformatus.hu\/wp-content\/uploads\/Reformatus-Nefelejcs-Otthon-768x576.png 768w, https:\/\/bekesmegye.reformatus.hu\/wp-content\/uploads\/Reformatus-Nefelejcs-Otthon.webp 960w\" sizes=\"(max-width: 199px) 100vw, 199px\" \/> <img decoding=\"async\" class=\"alignnone wp-image-769\" src=\"https:\/\/bekesmegye.reformatus.hu\/wp-content\/uploads\/Kep3-300x181.jpg\" alt=\"\" width=\"249\" height=\"150\" \/><\/p>\n<p><span style=\"color: #000000;\">\u00a0 \u00a0 \u00a0 \u00a0 \u00a0\u00a0 <a href=\"https:\/\/bekesmegye.reformatus.hu\/?page_id=772\">B\u00e9k\u00e9si telephely<\/a> \u00a0\u00a0\u00a0 \u00a0 \u00a0 \u00a0 \u00a0 \u00a0 \u00a0 \u00a0 \u00a0 \u00a0 <a href=\"https:\/\/bekesmegye.reformatus.hu\/?page_id=753\">Ok\u00e1nyi telephely <\/a>\u00a0\u00a0\u00a0\u00a0\u00a0\u00a0\u00a0\u00a0\u00a0\u00a0\u00a0\u00a0\u00a0\u00a0\u00a0\u00a0\u00a0\u00a0\u00a0 \u00a0 \u00a0 <a href=\"https:\/\/bekesmegye.reformatus.hu\/?page_id=755\">V\u00e9szt\u0151i telephely<\/a><\/span><\/p>\n\t\t\t\t\t\t\t\t<\/div>\n\t\t\t\t<\/div>\n\t\t\t\t\t<\/div>\n\t\t\t\t<\/div>\n\t\t\t\t<\/div>\n\t\t","protected":false},"excerpt":{"rendered":"<p>K\u00f6sz\u00f6nt\u0151: \u00a0 A B\u00e9k\u00e9si Reform\u00e1tus Egyh\u00e1zmegye nev\u00e9ben, szeretettel k\u00f6sz\u00f6nt\u00f6m a Balogh M\u00e1ty\u00e1s Reform\u00e1tus Diak\u00f3niai K\u00f6zpont minden kedves lak\u00f3j\u00e1t, a hozz\u00e1tartoz\u00f3kat \u00e9s l\u00e1togat\u00f3kat! Otthonunkat a Szent\u00edr\u00e1s tan\u00edt\u00e1sa alapj\u00e1n az a kereszty\u00e9n<\/p>\n","protected":false},"author":1,"featured_media":0,"parent":0,"menu_order":0,"comment_status":"closed","ping_status":"closed","template":"","meta":{"_bbp_topic_count":0,"_bbp_reply_count":0,"_bbp_total_topic_count":0,"_bbp_total_reply_count":0,"_bbp_voice_count":0,"_bbp_anonymous_reply_count":0,"_bbp_topic_count_hidden":0,"_bbp_reply_count_hidden":0,"_bbp_forum_subforum_count":0,"_themeisle_gutenberg_block_has_review":false,"footnotes":""},"class_list":["post-200","page","type-page","status-publish","hentry"],"jetpack_sharing_enabled":true,"_links":{"self":[{"href":"https:\/\/bekesmegye.reformatus.hu\/index.php?rest_route=\/wp\/v2\/pages\/200","targetHints":{"allow":["GET"]}}],"collection":[{"href":"https:\/\/bekesmegye.reformatus.hu\/index.php?rest_route=\/wp\/v2\/pages"}],"about":[{"href":"https:\/\/bekesmegye.reformatus.hu\/index.php?rest_route=\/wp\/v2\/types\/page"}],"author":[{"embeddable":true,"href":"https:\/\/bekesmegye.reformatus.hu\/index.php?rest_route=\/wp\/v2\/users\/1"}],"replies":[{"embeddable":true,"href":"https:\/\/bekesmegye.reformatus.hu\/index.php?rest_route=%2Fwp%2Fv2%2Fcomments&post=200"}],"version-history":[{"count":14,"href":"https:\/\/bekesmegye.reformatus.hu\/index.php?rest_route=\/wp\/v2\/pages\/200\/revisions"}],"predecessor-version":[{"id":1079,"href":"https:\/\/bekesmegye.reformatus.hu\/index.php?rest_route=\/wp\/v2\/pages\/200\/revisions\/1079"}],"wp:attachment":[{"href":"https:\/\/bekesmegye.reformatus.hu\/index.php?rest_route=%2Fwp%2Fv2%2Fmedia&parent=200"}],"curies":[{"name":"wp","href":"https:\/\/api.w.org\/{rel}","templated":true}]}}