{"id":224,"date":"2018-08-03T15:31:20","date_gmt":"2018-08-03T13:31:20","guid":{"rendered":"http:\/\/bekesmegye.reformatus.hu\/?page_id=224"},"modified":"2018-08-03T15:46:23","modified_gmt":"2018-08-03T13:46:23","slug":"hirek-esemenyek","status":"publish","type":"page","link":"https:\/\/bekesmegye.reformatus.hu\/?page_id=224","title":{"rendered":"H\u00edrek, esem\u00e9nyek"},"content":{"rendered":"<ul class=\"display-posts-listing\"><li class=\"listing-item\"><a class=\"title\" href=\"https:\/\/bekesmegye.reformatus.hu\/?p=1142\">Sajt\u00f3k\u00f6zlem\u00e9ny<\/a> <span class=\"excerpt-dash\">-<\/span> <span class=\"excerpt\">Sajt\u00f3k\u00f6zlem\u00e9ny Szoci\u00e1lis alapszolg\u00e1ltat\u00e1sok fejleszt\u00e9se a Sarkadkereszt\u00fari Reform\u00e1tus Misszi\u00f3i Egyh\u00e1zk\u00f6zs\u00e9gn\u00e9l Eur\u00f3pai Uni\u00f3s t\u00e1mogat\u00e1sb\u00f3l \u00a02025\/06\/20 A Sarkadkereszt\u00fari Reform\u00e1tus Misszi\u00f3i Egyh\u00e1zk\u00f6zs\u00e9g t\u00e1mogat\u00e1sban r\u00e9szes\u00fclt a Ter\u00fclet \u00e9s Telep\u00fcl\u00e9sfejleszt\u00e9si Operat\u00edv Program Plusz TOP_PLUSZ-3.3.2-21 k\u00f3dsz\u00e1m\u00fa, \u201eHelyi<\/span><\/li><li class=\"listing-item\"><a class=\"title\" href=\"https:\/\/bekesmegye.reformatus.hu\/?p=1121\">Csal\u00e1di Nap a Reform\u00e1tus Nefelejcs Otthonban (Ok\u00e1ny)<\/a> <span class=\"excerpt-dash\">-<\/span> <span class=\"excerpt\">A Balogh M\u00e1ty\u00e1s Reform\u00e1tus Diak\u00f3niai K\u00f6zpont ok\u00e1nyi telephely\u00e9n, a Reform\u00e1tus Nefelejcs Otthonban 2025.06.13-\u00e1n Csal\u00e1di Napot rendezt\u00fcnk ell\u00e1tottaink, illetve hozz\u00e1tartoz\u00f3ik sz\u00e1m\u00e1ra. Kor\u00e1bban ez az esem\u00e9ny ink\u00e1bb el\u0151ad\u00e1s jelleg\u0171, belt\u00e9ri program volt,<\/span><\/li><li class=\"listing-item\"><a class=\"title\" href=\"https:\/\/bekesmegye.reformatus.hu\/?p=1017\">Felemel\u0150 Ifj\u00fas\u00e1gi Nap<\/a> <span class=\"excerpt-dash\">-<\/span> <span class=\"excerpt\">Sok fiatal gy\u0171lt \u00f6ssze id\u00e9n a B\u00e9k\u00e9si Reform\u00e1tus Egyh\u00e1zmegye Ifj\u00fas\u00e1gi Napj\u00e1n B\u00e9k\u00e9sen. A nap t\u00e9m\u00e1ja \u2013 kapcsol\u00f3dva az idei Csillagpont t\u00e9m\u00e1j\u00e1hoz \u2013 a szorong\u00e1s volt. 2025.\u00a0m\u00e1jus 10-\u00e9n ker\u00fclt megrendez\u00e9sre a<\/span><\/li><li class=\"listing-item\"><a class=\"title\" href=\"https:\/\/bekesmegye.reformatus.hu\/?p=721\">Nemzetk\u00f6zi napok  B\u00e9k\u00e9sszentandr\u00e1son &#8211; J\u00fanius 21-28.<\/a> <span class=\"excerpt-dash\">-<\/span> <span class=\"excerpt\">Nemzetk\u00f6zi napok \u00a0B\u00e9k\u00e9sszentandr\u00e1son \u2013 reform\u00e1tus szervez\u00e9sben Menek\u00fcltek vil\u00e1g vas\u00e1rnapja, \u00e9s \u00c9vz\u00e1r\u00f3 h\u00e1laad\u00f3 napok-2020. j\u00fanius 21-28. \u2013 t\u00f6rt\u00e9nelmi esem\u00e9ny\u00fcnk \u201eKis l\u00e9p\u00e9s egy kereszty\u00e9n menek\u00fcltnek, nagy l\u00e9p\u00e9s az egyh\u00e1zt\u00f6rt\u00e9netnek\u201d- gondoltam, amikor az<\/span><\/li><li class=\"listing-item\"><a class=\"title\" href=\"https:\/\/bekesmegye.reformatus.hu\/?p=528\">Reform\u00e1tus Nevel\u0151sz\u00fcl\u0151i H\u00e1l\u00f3zat<\/a> <span class=\"excerpt-dash\">-<\/span> <span class=\"excerpt\">Reform\u00e1tus Nevel\u0151sz\u00fcl\u0151i H\u00e1l\u00f3zat (Sz\u00f3r\u00f3lap let\u00f6lt\u00e9se pdf form\u00e1tumban)<\/span><\/li><li class=\"listing-item\"><a class=\"title\" href=\"https:\/\/bekesmegye.reformatus.hu\/?p=102\">P\u00e9ld\u00e1tlan \u00f6sszefog\u00e1s \u00e9s \u00f6r\u00f6m Biharugr\u00e1n<\/a> <span class=\"excerpt-dash\">-<\/span> <span class=\"excerpt\">A biharugrai reform\u00e1tus egyh\u00e1zk\u00f6zs\u00e9g \u00e9let\u00e9ben az elm\u00falt id\u0151ben sz\u00e1mos olyan nagyform\u00e1tum\u00fa esem\u00e9ny t\u00f6rt\u00e9nt, amely a kis k\u00f6z\u00f6ss\u00e9g \u00f6sszetartoz\u00e1s\u00e1t, \u00f6sszefog\u00e1s\u00e1nak erej\u00e9t bizony\u00edtotta. Az itt \u00e9l\u0151 emberek szem\u00e9lyes lehet\u0151s\u00e9g\u00fck f\u00fcggv\u00e9ny\u00e9ben felekezeti hovatartoz\u00e1sukt\u00f3l<\/span><\/li><li class=\"listing-item\"><a class=\"title\" href=\"https:\/\/bekesmegye.reformatus.hu\/?p=59\">Reform\u00e1tus c\u00edmt\u00e1r<\/a> <span class=\"excerpt-dash\">-<\/span> <span class=\"excerpt\">A magyarorsz\u00e1gi reform\u00e1tus egyh\u00e1z elektronikus c\u00edmt\u00e1ra a k\u00f6vetkez\u0151 linken \u00e9rhet\u0151 el: http:\/\/epont.reformatus.hu<\/span><\/li><li class=\"listing-item\"><a class=\"title\" href=\"https:\/\/bekesmegye.reformatus.hu\/?p=35\">Lelk\u00e9sz\u00e9rtekezlet<\/a> <span class=\"excerpt-dash\">-<\/span> <span class=\"excerpt\">A soron k\u00f6vetkez\u0151 lelk\u00e9sz\u00e9rtekezlet helysz\u00edne \u00e9s id\u0151pontja: B\u00e9k\u00e9s, 2015. 04. 21 \u00a0&#8211; 9:30 \u00f3ra.<\/span><\/li><li class=\"listing-item\"><a class=\"title\" href=\"https:\/\/bekesmegye.reformatus.hu\/?p=32\">Meg\u00fajul a B\u00e9k\u00e9si Reform\u00e1tus Egyh\u00e1zmegye weblapja<\/a> <span class=\"excerpt-dash\">-<\/span> <span class=\"excerpt\">&nbsp; &nbsp; Az oldal \u00e1t\u00e9p\u00edt\u00e9s alatt! T\u00fcrelm\u00e9t k\u00e9rj\u00fck!<\/span><\/li><\/ul>\n","protected":false},"excerpt":{"rendered":"","protected":false},"author":1,"featured_media":0,"parent":0,"menu_order":0,"comment_status":"closed","ping_status":"closed","template":"","meta":{"_bbp_topic_count":0,"_bbp_reply_count":0,"_bbp_total_topic_count":0,"_bbp_total_reply_count":0,"_bbp_voice_count":0,"_bbp_anonymous_reply_count":0,"_bbp_topic_count_hidden":0,"_bbp_reply_count_hidden":0,"_bbp_forum_subforum_count":0,"_themeisle_gutenberg_block_has_review":false,"footnotes":""},"class_list":["post-224","page","type-page","status-publish","hentry"],"jetpack_sharing_enabled":true,"_links":{"self":[{"href":"https:\/\/bekesmegye.reformatus.hu\/index.php?rest_route=\/wp\/v2\/pages\/224","targetHints":{"allow":["GET"]}}],"collection":[{"href":"https:\/\/bekesmegye.reformatus.hu\/index.php?rest_route=\/wp\/v2\/pages"}],"about":[{"href":"https:\/\/bekesmegye.reformatus.hu\/index.php?rest_route=\/wp\/v2\/types\/page"}],"author":[{"embeddable":true,"href":"https:\/\/bekesmegye.reformatus.hu\/index.php?rest_route=\/wp\/v2\/users\/1"}],"replies":[{"embeddable":true,"href":"https:\/\/bekesmegye.reformatus.hu\/index.php?rest_route=%2Fwp%2Fv2%2Fcomments&post=224"}],"version-history":[{"count":8,"href":"https:\/\/bekesmegye.reformatus.hu\/index.php?rest_route=\/wp\/v2\/pages\/224\/revisions"}],"predecessor-version":[{"id":237,"href":"https:\/\/bekesmegye.reformatus.hu\/index.php?rest_route=\/wp\/v2\/pages\/224\/revisions\/237"}],"wp:attachment":[{"href":"https:\/\/bekesmegye.reformatus.hu\/index.php?rest_route=%2Fwp%2Fv2%2Fmedia&parent=224"}],"curies":[{"name":"wp","href":"https:\/\/api.w.org\/{rel}","templated":true}]}}