{"id":65,"date":"2015-04-10T07:16:45","date_gmt":"2015-04-10T05:16:45","guid":{"rendered":"http:\/\/82.141.159.4\/~bekesreform\/?page_id=65"},"modified":"2021-07-28T18:34:32","modified_gmt":"2021-07-28T16:34:32","slug":"gyulekezetek","status":"publish","type":"page","link":"https:\/\/bekesmegye.reformatus.hu\/?page_id=65","title":{"rendered":"Gy\u00fclekezetek"},"content":{"rendered":"<table width=\"609\">\n<tbody>\n<tr>\n<td width=\"193\"><span style=\"color: #0000ff;\"><strong>Gy\u00fclekezet<\/strong><\/span><\/td>\n<td width=\"416\"><span style=\"color: #0000ff;\"><strong>Weblap<\/strong><\/span><\/td>\n<\/tr>\n<tr>\n<td width=\"193\">B\u00e9k\u00e9s<\/td>\n<td width=\"416\"><a href=\"http:\/\/bekesireformatusok.hu\/\">http:\/\/bekesireformatusok.hu<\/a><\/td>\n<\/tr>\n<tr>\n<td width=\"193\">B\u00e9k\u00e9scsaba<\/td>\n<td width=\"416\"><a href=\"http:\/\/bekescsabaireformatusok.hu\/\">http:\/\/bekescsabaireformatusok.hu\/<\/a><\/td>\n<\/tr>\n<tr>\n<td width=\"193\">Biharugra<\/td>\n<td width=\"416\"><a href=\"http:\/\/biharugra.reformatus.hu\/\">http:\/\/biharugra.reformatus.hu<\/a><\/td>\n<\/tr>\n<tr>\n<td width=\"193\">Gyula<\/td>\n<td width=\"416\"><a href=\"http:\/\/gyularef.hu\/\">http:\/\/gyularef.hu<\/a><\/td>\n<\/tr>\n<tr>\n<td width=\"193\">K\u00f6r\u00f6snagyhars\u00e1ny<\/td>\n<td width=\"416\"><a href=\"https:\/\/korosnagyharsany.reformatus.hu\/\">https:\/\/korosnagyharsany.reformatus.hu<\/a><\/td>\n<\/tr>\n<tr>\n<td width=\"193\">K\u00f6r\u00f6starcsa<\/td>\n<td width=\"416\"><a href=\"https:\/\/www.facebook.com\/korostarcsareformatus\">https:\/\/www.facebook.com\/korostarcsareformatus<\/a><\/td>\n<\/tr>\n<tr>\n<td width=\"193\">Mez\u0151ber\u00e9ny<\/td>\n<td width=\"416\"><a href=\"http:\/\/refmezobereny.hu\/\">http:\/\/refmezobereny.hu\/<\/a><\/td>\n<\/tr>\n<tr>\n<td width=\"193\">Mez\u0151gy\u00e1n<\/td>\n<td width=\"416\"><a href=\"http:\/\/mezogyan.ref.hu\/\">http:\/\/mezogyan.ref.hu<\/a><\/td>\n<\/tr>\n<tr>\n<td width=\"193\">Ok\u00e1ny<\/td>\n<td width=\"416\"><a href=\"http:\/\/parokia.hu\/lap\/okanyi-reformatus-egyhazkozseg\/cikk\/mutat\/bemutatkozas\/\">http:\/\/parokia.hu\/lap\/okanyi-reformatus-egyhazkozseg<\/a><\/td>\n<\/tr>\n<tr>\n<td width=\"193\">Sarkad-Belv\u00e1ros<\/td>\n<td width=\"416\"><a href=\"http:\/\/reformatus-sarkadbelvaros.hu\/\">http:\/\/reformatus-sarkadbelvaros.hu<\/a><\/td>\n<\/tr>\n<tr>\n<td width=\"193\">Sarkad-\u00dajtelek<\/td>\n<td width=\"416\"><a href=\"http:\/\/sarkadujtelek.reformatus.hu\/\">http:\/\/sarkadujtelek.reformatus.hu<\/a><\/td>\n<\/tr>\n<tr>\n<td width=\"193\">Szarvas<\/td>\n<td width=\"416\"><a href=\"http:\/\/szarvas.reformatus.hu\/\">http:\/\/szarvas.reformatus.hu<\/a><\/td>\n<\/tr>\n<tr>\n<td width=\"193\">V\u00e9szt\u0151<\/td>\n<td width=\"416\"><a href=\"http:\/\/parokia.hu\/lap\/vesztoi-reformatus-egyhazkozseg\/cikk\/mutat\/bemutatkozas\/\">http:\/\/parokia.hu\/lap\/vesztoi-reformatus-egyhazkozseg<\/a><\/td>\n<\/tr>\n<tr>\n<td width=\"193\">Zsad\u00e1ny<\/td>\n<td width=\"416\"><a href=\"http:\/\/refzsadany.hu\/\">http:\/\/refzsadany.hu<\/a><\/td>\n<\/tr>\n<\/tbody>\n<\/table>\n","protected":false},"excerpt":{"rendered":"<p>Gy\u00fclekezet Weblap B\u00e9k\u00e9s http:\/\/bekesireformatusok.hu B\u00e9k\u00e9scsaba http:\/\/bekescsabaireformatusok.hu\/ Biharugra http:\/\/biharugra.reformatus.hu Gyula http:\/\/gyularef.hu K\u00f6r\u00f6snagyhars\u00e1ny https:\/\/korosnagyharsany.reformatus.hu K\u00f6r\u00f6starcsa https:\/\/www.facebook.com\/korostarcsareformatus Mez\u0151ber\u00e9ny http:\/\/refmezobereny.hu\/ Mez\u0151gy\u00e1n http:\/\/mezogyan.ref.hu Ok\u00e1ny http:\/\/parokia.hu\/lap\/okanyi-reformatus-egyhazkozseg Sarkad-Belv\u00e1ros http:\/\/reformatus-sarkadbelvaros.hu Sarkad-\u00dajtelek http:\/\/sarkadujtelek.reformatus.hu Szarvas http:\/\/szarvas.reformatus.hu V\u00e9szt\u0151 http:\/\/parokia.hu\/lap\/vesztoi-reformatus-egyhazkozseg Zsad\u00e1ny http:\/\/refzsadany.hu<\/p>\n","protected":false},"author":1,"featured_media":0,"parent":0,"menu_order":1,"comment_status":"closed","ping_status":"open","template":"","meta":{"_bbp_topic_count":0,"_bbp_reply_count":0,"_bbp_total_topic_count":0,"_bbp_total_reply_count":0,"_bbp_voice_count":0,"_bbp_anonymous_reply_count":0,"_bbp_topic_count_hidden":0,"_bbp_reply_count_hidden":0,"_bbp_forum_subforum_count":0,"_themeisle_gutenberg_block_has_review":false,"footnotes":""},"class_list":["post-65","page","type-page","status-publish","hentry"],"jetpack_sharing_enabled":true,"_links":{"self":[{"href":"https:\/\/bekesmegye.reformatus.hu\/index.php?rest_route=\/wp\/v2\/pages\/65","targetHints":{"allow":["GET"]}}],"collection":[{"href":"https:\/\/bekesmegye.reformatus.hu\/index.php?rest_route=\/wp\/v2\/pages"}],"about":[{"href":"https:\/\/bekesmegye.reformatus.hu\/index.php?rest_route=\/wp\/v2\/types\/page"}],"author":[{"embeddable":true,"href":"https:\/\/bekesmegye.reformatus.hu\/index.php?rest_route=\/wp\/v2\/users\/1"}],"replies":[{"embeddable":true,"href":"https:\/\/bekesmegye.reformatus.hu\/index.php?rest_route=%2Fwp%2Fv2%2Fcomments&post=65"}],"version-history":[{"count":17,"href":"https:\/\/bekesmegye.reformatus.hu\/index.php?rest_route=\/wp\/v2\/pages\/65\/revisions"}],"predecessor-version":[{"id":746,"href":"https:\/\/bekesmegye.reformatus.hu\/index.php?rest_route=\/wp\/v2\/pages\/65\/revisions\/746"}],"wp:attachment":[{"href":"https:\/\/bekesmegye.reformatus.hu\/index.php?rest_route=%2Fwp%2Fv2%2Fmedia&parent=65"}],"curies":[{"name":"wp","href":"https:\/\/api.w.org\/{rel}","templated":true}]}}