{"id":68,"date":"2015-04-10T07:17:43","date_gmt":"2015-04-10T05:17:43","guid":{"rendered":"http:\/\/82.141.159.4\/~bekesreform\/?page_id=68"},"modified":"2021-07-28T18:32:01","modified_gmt":"2021-07-28T16:32:01","slug":"tisztsegviselok","status":"publish","type":"page","link":"https:\/\/bekesmegye.reformatus.hu\/?page_id=68","title":{"rendered":"Tiszts\u00e9gvisel\u0151k"},"content":{"rendered":"<table border=\"0\">\n<tbody>\n<tr>\n<td class=\"title\" colspan=\"3\">B\u00e9k\u00e9si Reform\u00e1tus Egyh\u00e1zmegye Esperesi Hivatala<\/td>\n<\/tr>\n<tr>\n<td><strong>Esperes:<\/strong><\/td>\n<td>Demeter Ott\u00f3<\/td>\n<\/tr>\n<tr>\n<td><strong>Egyh\u00e1zmegyei gondnok:<\/strong><\/td>\n<td>Mark\u00f3 Istv\u00e1n<\/td>\n<\/tr>\n<tr>\n<td><strong>C\u00edm:<\/strong><\/td>\n<td>5537 Zsad\u00e1ny, B\u00e9ke u. 54.<\/td>\n<\/tr>\n<tr>\n<td><strong>Tel\/Fax:<\/strong><\/td>\n<td>(+36 30) 664 3246<\/td>\n<\/tr>\n<tr>\n<td><strong>E-mail:<\/strong><\/td>\n<td>bekesi.em@reformatus.hu<\/td>\n<\/tr>\n<tr>\n<td><strong>Honlap:<\/strong><\/td>\n<td><a href=\"http:\/\/www.bekesmegye.reformatus.hu\" target=\"_blank\" rel=\"noopener\">www.bekesmegye.reformatus.hu<\/a><\/td>\n<\/tr>\n<\/tbody>\n<\/table>\n","protected":false},"excerpt":{"rendered":"<p>B\u00e9k\u00e9si Reform\u00e1tus Egyh\u00e1zmegye Esperesi Hivatala Esperes: Demeter Ott\u00f3 Egyh\u00e1zmegyei gondnok: Mark\u00f3 Istv\u00e1n C\u00edm: 5537 Zsad\u00e1ny, B\u00e9ke u. 54. Tel\/Fax: (+36 30) 664 3246 E-mail: bekesi.em@reformatus.hu Honlap: www.bekesmegye.reformatus.hu<\/p>\n","protected":false},"author":1,"featured_media":0,"parent":0,"menu_order":3,"comment_status":"closed","ping_status":"open","template":"","meta":{"_bbp_topic_count":0,"_bbp_reply_count":0,"_bbp_total_topic_count":0,"_bbp_total_reply_count":0,"_bbp_voice_count":0,"_bbp_anonymous_reply_count":0,"_bbp_topic_count_hidden":0,"_bbp_reply_count_hidden":0,"_bbp_forum_subforum_count":0,"_themeisle_gutenberg_block_has_review":false,"footnotes":""},"class_list":["post-68","page","type-page","status-publish","hentry"],"jetpack_sharing_enabled":true,"_links":{"self":[{"href":"https:\/\/bekesmegye.reformatus.hu\/index.php?rest_route=\/wp\/v2\/pages\/68","targetHints":{"allow":["GET"]}}],"collection":[{"href":"https:\/\/bekesmegye.reformatus.hu\/index.php?rest_route=\/wp\/v2\/pages"}],"about":[{"href":"https:\/\/bekesmegye.reformatus.hu\/index.php?rest_route=\/wp\/v2\/types\/page"}],"author":[{"embeddable":true,"href":"https:\/\/bekesmegye.reformatus.hu\/index.php?rest_route=\/wp\/v2\/users\/1"}],"replies":[{"embeddable":true,"href":"https:\/\/bekesmegye.reformatus.hu\/index.php?rest_route=%2Fwp%2Fv2%2Fcomments&post=68"}],"version-history":[{"count":4,"href":"https:\/\/bekesmegye.reformatus.hu\/index.php?rest_route=\/wp\/v2\/pages\/68\/revisions"}],"predecessor-version":[{"id":745,"href":"https:\/\/bekesmegye.reformatus.hu\/index.php?rest_route=\/wp\/v2\/pages\/68\/revisions\/745"}],"wp:attachment":[{"href":"https:\/\/bekesmegye.reformatus.hu\/index.php?rest_route=%2Fwp%2Fv2%2Fmedia&parent=68"}],"curies":[{"name":"wp","href":"https:\/\/api.w.org\/{rel}","templated":true}]}}