{"id":71,"date":"2015-04-10T07:20:31","date_gmt":"2015-04-10T05:20:31","guid":{"rendered":"http:\/\/82.141.159.4\/~bekesreform\/?page_id=71"},"modified":"2015-04-10T07:20:31","modified_gmt":"2015-04-10T05:20:31","slug":"galeria","status":"publish","type":"page","link":"https:\/\/bekesmegye.reformatus.hu\/?page_id=71","title":{"rendered":"Gal\u00e9ria"},"content":{"rendered":"<p>Fot\u00f3k amik \u00fczennek.4<\/p>\n","protected":false},"excerpt":{"rendered":"<p>Fot\u00f3k amik \u00fczennek.4<\/p>\n","protected":false},"author":1,"featured_media":0,"parent":0,"menu_order":4,"comment_status":"closed","ping_status":"open","template":"","meta":{"_bbp_topic_count":0,"_bbp_reply_count":0,"_bbp_total_topic_count":0,"_bbp_total_reply_count":0,"_bbp_voice_count":0,"_bbp_anonymous_reply_count":0,"_bbp_topic_count_hidden":0,"_bbp_reply_count_hidden":0,"_bbp_forum_subforum_count":0,"_themeisle_gutenberg_block_has_review":false,"footnotes":""},"class_list":["post-71","page","type-page","status-publish","hentry"],"jetpack_sharing_enabled":true,"_links":{"self":[{"href":"https:\/\/bekesmegye.reformatus.hu\/index.php?rest_route=\/wp\/v2\/pages\/71","targetHints":{"allow":["GET"]}}],"collection":[{"href":"https:\/\/bekesmegye.reformatus.hu\/index.php?rest_route=\/wp\/v2\/pages"}],"about":[{"href":"https:\/\/bekesmegye.reformatus.hu\/index.php?rest_route=\/wp\/v2\/types\/page"}],"author":[{"embeddable":true,"href":"https:\/\/bekesmegye.reformatus.hu\/index.php?rest_route=\/wp\/v2\/users\/1"}],"replies":[{"embeddable":true,"href":"https:\/\/bekesmegye.reformatus.hu\/index.php?rest_route=%2Fwp%2Fv2%2Fcomments&post=71"}],"version-history":[{"count":1,"href":"https:\/\/bekesmegye.reformatus.hu\/index.php?rest_route=\/wp\/v2\/pages\/71\/revisions"}],"predecessor-version":[{"id":73,"href":"https:\/\/bekesmegye.reformatus.hu\/index.php?rest_route=\/wp\/v2\/pages\/71\/revisions\/73"}],"wp:attachment":[{"href":"https:\/\/bekesmegye.reformatus.hu\/index.php?rest_route=%2Fwp%2Fv2%2Fmedia&parent=71"}],"curies":[{"name":"wp","href":"https:\/\/api.w.org\/{rel}","templated":true}]}}