{"id":80,"date":"2015-04-10T07:31:39","date_gmt":"2015-04-10T05:31:39","guid":{"rendered":"http:\/\/82.141.159.4\/~bekesreform\/?page_id=80"},"modified":"2024-06-26T11:42:18","modified_gmt":"2024-06-26T09:42:18","slug":"foto-album","status":"publish","type":"page","link":"https:\/\/bekesmegye.reformatus.hu\/?page_id=80","title":{"rendered":"Fot\u00f3 album"},"content":{"rendered":"<p>F\u00e9nyk\u00e9pek.<\/p>\n<p><img fetchpriority=\"high\" decoding=\"async\" class=\"alignnone size-medium wp-image-811\" src=\"https:\/\/bekesmegye.reformatus.hu\/wp-content\/uploads\/IMG_20240625_083221-225x300.jpg\" alt=\"\" width=\"225\" height=\"300\" \/> <img decoding=\"async\" class=\"alignnone size-medium wp-image-812\" src=\"https:\/\/bekesmegye.reformatus.hu\/wp-content\/uploads\/IMG_20240625_083244-225x300.jpg\" alt=\"\" width=\"225\" height=\"300\" \/> <img decoding=\"async\" class=\"alignnone size-medium wp-image-813\" src=\"https:\/\/bekesmegye.reformatus.hu\/wp-content\/uploads\/IMG_20240625_123907-300x225.jpg\" alt=\"\" width=\"300\" height=\"225\" \/> <img loading=\"lazy\" decoding=\"async\" class=\"alignnone size-medium wp-image-814\" src=\"https:\/\/bekesmegye.reformatus.hu\/wp-content\/uploads\/IMG_20240625_124014-300x225.jpg\" alt=\"\" width=\"300\" height=\"225\" srcset=\"https:\/\/bekesmegye.reformatus.hu\/wp-content\/uploads\/IMG_20240625_124014-300x225.jpg 300w, https:\/\/bekesmegye.reformatus.hu\/wp-content\/uploads\/IMG_20240625_124014-1024x768.jpg 1024w, https:\/\/bekesmegye.reformatus.hu\/wp-content\/uploads\/IMG_20240625_124014-768x576.jpg 768w, https:\/\/bekesmegye.reformatus.hu\/wp-content\/uploads\/IMG_20240625_124014-1536x1152.jpg 1536w, https:\/\/bekesmegye.reformatus.hu\/wp-content\/uploads\/IMG_20240625_124014-2048x1536.jpg 2048w, https:\/\/bekesmegye.reformatus.hu\/wp-content\/uploads\/IMG_20240625_124014-scaled.webp 1920w\" sizes=\"(max-width: 300px) 100vw, 300px\" \/><\/p>\n","protected":false},"excerpt":{"rendered":"<p>F\u00e9nyk\u00e9pek.<\/p>\n","protected":false},"author":1,"featured_media":0,"parent":71,"menu_order":0,"comment_status":"closed","ping_status":"open","template":"","meta":{"_bbp_topic_count":0,"_bbp_reply_count":0,"_bbp_total_topic_count":0,"_bbp_total_reply_count":0,"_bbp_voice_count":0,"_bbp_anonymous_reply_count":0,"_bbp_topic_count_hidden":0,"_bbp_reply_count_hidden":0,"_bbp_forum_subforum_count":0,"_themeisle_gutenberg_block_has_review":false,"footnotes":""},"class_list":["post-80","page","type-page","status-publish","hentry"],"jetpack_sharing_enabled":true,"_links":{"self":[{"href":"https:\/\/bekesmegye.reformatus.hu\/index.php?rest_route=\/wp\/v2\/pages\/80","targetHints":{"allow":["GET"]}}],"collection":[{"href":"https:\/\/bekesmegye.reformatus.hu\/index.php?rest_route=\/wp\/v2\/pages"}],"about":[{"href":"https:\/\/bekesmegye.reformatus.hu\/index.php?rest_route=\/wp\/v2\/types\/page"}],"author":[{"embeddable":true,"href":"https:\/\/bekesmegye.reformatus.hu\/index.php?rest_route=\/wp\/v2\/users\/1"}],"replies":[{"embeddable":true,"href":"https:\/\/bekesmegye.reformatus.hu\/index.php?rest_route=%2Fwp%2Fv2%2Fcomments&post=80"}],"version-history":[{"count":3,"href":"https:\/\/bekesmegye.reformatus.hu\/index.php?rest_route=\/wp\/v2\/pages\/80\/revisions"}],"predecessor-version":[{"id":816,"href":"https:\/\/bekesmegye.reformatus.hu\/index.php?rest_route=\/wp\/v2\/pages\/80\/revisions\/816"}],"up":[{"embeddable":true,"href":"https:\/\/bekesmegye.reformatus.hu\/index.php?rest_route=\/wp\/v2\/pages\/71"}],"wp:attachment":[{"href":"https:\/\/bekesmegye.reformatus.hu\/index.php?rest_route=%2Fwp%2Fv2%2Fmedia&parent=80"}],"curies":[{"name":"wp","href":"https:\/\/api.w.org\/{rel}","templated":true}]}}