{"id":963,"date":"2025-03-04T10:14:10","date_gmt":"2025-03-04T08:14:10","guid":{"rendered":"https:\/\/bekesmegye.reformatus.hu\/?page_id=963"},"modified":"2025-12-17T14:21:59","modified_gmt":"2025-12-17T12:21:59","slug":"kezdooldal","status":"publish","type":"page","link":"https:\/\/bekesmegye.reformatus.hu\/","title":{"rendered":"B\u00e9k\u00e9si Reform\u00e1tus Egyh\u00e1zmegye"},"content":{"rendered":"\t\t<div data-elementor-type=\"wp-page\" data-elementor-id=\"963\" class=\"elementor elementor-963\">\n\t\t\t\t<div class=\"elementor-element elementor-element-37535de9 e-flex e-con-boxed wpr-particle-no wpr-jarallax-no wpr-parallax-no wpr-sticky-section-no e-con e-parent\" data-id=\"37535de9\" data-element_type=\"container\">\n\t\t\t\t\t<div class=\"e-con-inner\">\n\t\t\t\t<div class=\"elementor-element elementor-element-772aefce elementor-drop-cap-yes elementor-drop-cap-view-default elementor-widget elementor-widget-text-editor\" data-id=\"772aefce\" data-element_type=\"widget\" data-settings=\"{&quot;drop_cap&quot;:&quot;yes&quot;}\" data-widget_type=\"text-editor.default\">\n\t\t\t\t<div class=\"elementor-widget-container\">\n\t\t\t\t\t\t\t\t\t<p><a href=\"https:\/\/bekesmegye.reformatus.hu\/?attachment_id=1269\" rel=\"attachment wp-att-927\"><img decoding=\"async\" class=\"alignright wp-image-1269 size-full\" src=\"https:\/\/bekesmegye.reformatus.hu\/wp-content\/uploads\/cimer2.jpg\" alt=\"\" width=\"168\" height=\"129\" \/><\/a><\/p><p style=\"text-align: justify;\">Szeretettel k\u00f6sz\u00f6nt\u00f6m a B\u00e9k\u00e9si Reform\u00e1tus Egyh\u00e1zmegye honlapj\u00e1n.\u00a0 Az adatok, esem\u00e9nyek, bemutatkoz\u00f3 oldalak felt\u00f6lt\u00e9se folyamatban. Rem\u00e9nyeink szerint egy folyamatosan b\u0151v\u00fcl\u0151, tartalmas weboldallal szeretn\u00e9nk v\u00e1rni lelk\u00e9szeinket, egyh\u00e1zmegy\u00e9nk szolg\u00e1l\u00f3it, gy\u00fclekezeti tagokat, \u00e9s mindenkit, aki honlapunkat b\u00f6ng\u00e9szi. K\u00f6sz\u00f6nt\u00e9semet a P\u00e9ldabesz\u00e9dek 3:3-4 k\u00f6r\u00e9 \u00e9p\u00edtem mindannyi\u00f3nk lelki \u00e9p\u00fcl\u00e9s\u00e9re. \u201e<i>Szinte minden ember v\u00e1gyik a szeretetre, h\u0171s\u00e9gre, irgalomra \u00e9s igazs\u00e1gra, s boldog az az ember, aki mindezeket meg\u00e9lheti \u00e9s megtapasztalhatja. M\u00e9g teol\u00f3gus koromban elhat\u00e1roztam magamban, hogy \u00e9n majd megtanulom t\u00e9nylegesen meg\u00e9lni ezeket az \u00e9letemben, hisz, j\u00f3llehet fontos a par\u00f3kia, a pal\u00e1st, a templom, de mindez semmit sem \u00e9r a szeretet, h\u0171s\u00e9g, irgalmass\u00e1g \u00e9s igazs\u00e1g n\u00e9lk\u00fcl. K\u00e9s\u0151bb j\u00f6ttem csak r\u00e1, hogy magamt\u00f3l k\u00e9ptelen vagyok erre, \u00e9s csakis a Krisztusban val\u00f3sulhat meg a mindennapjainkban ez a n\u00e9gy dolog. Mi mindannyian, akik itt vagyunk, azt szeretn\u00e9nk, hogy a r\u00e1nk b\u00edzott gy\u00fclekezetek hitben er\u0151s\u00f6djenek, \u00e9s \u00e9n hiszem, ha Krisztus n\u00f6vekszik benn\u00fck, akkor szolg\u00e1latainkon l\u00e1that\u00f3v\u00e1 lesz Isten gazdag \u00e1ld\u00e1sa.&#8221; Demeter Ott\u00f3<\/i><\/p><figure id=\"attachment_926\" aria-describedby=\"caption-attachment-926\" style=\"width: 201px\" class=\"wp-caption alignleft\"><a href=\"https:\/\/bekesmegye.reformatus.hu\/?attachment_id=926\" rel=\"attachment wp-att-926\"><img fetchpriority=\"high\" decoding=\"async\" class=\"wp-image-926 size-medium\" src=\"https:\/\/bekesmegye.reformatus.hu\/wp-content\/uploads\/admin-ajax-201x300.webp\" alt=\"\" width=\"201\" height=\"300\" srcset=\"https:\/\/bekesmegye.reformatus.hu\/wp-content\/uploads\/admin-ajax-201x300.webp 201w, https:\/\/bekesmegye.reformatus.hu\/wp-content\/uploads\/admin-ajax.webp 401w\" sizes=\"(max-width: 201px) 100vw, 201px\" \/><\/a><figcaption id=\"caption-attachment-926\" class=\"wp-caption-text\">Esperes: Demeter Ott\u00f3 El\u00e9rhet\u0151s\u00e9ge: 06306643246 demeter.otto@reformatus.hu<\/figcaption><\/figure><div>\u00a0<\/div><div style=\"text-align: center;\">\u00a0<\/div><div>\u00a0<\/div><div><figure id=\"attachment_971\" aria-describedby=\"caption-attachment-971\" style=\"width: 205px\" class=\"wp-caption alignright\"><a href=\"https:\/\/bekesmegye.reformatus.hu\/?attachment_id=971\" rel=\"attachment wp-att-971\"><img decoding=\"async\" class=\"wp-image-971 size-full\" src=\"https:\/\/bekesmegye.reformatus.hu\/wp-content\/uploads\/images.png\" alt=\"\" width=\"205\" height=\"246\" \/><\/a><figcaption id=\"caption-attachment-971\" class=\"wp-caption-text\">F\u0151gondnok: Mark\u00f3 Istv\u00e1n El\u00e9rhet\u0151s\u00e9ge: 06202219657 markoistvan48@gmail.com<\/figcaption><\/figure><\/div><div><div style=\"text-align: center;\">\u00a0<\/div><\/div><div>\u00a0<\/div><div>\u00a0<\/div><div>\u00a0<\/div><div>\u00a0<\/div><div>\u00a0<\/div><div>\u00a0<\/div><div><div style=\"text-align: center;\">Esperesi Hivatal:<\/div><div style=\"text-align: center;\">5537, Zsad\u00e1ny, B\u00e9ke u. 104.<\/div><div style=\"text-align: center;\">Levelez\u00e9si c\u00edm: 5537, Zsad\u00e1ny, B\u00e9ke u. 54.<\/div><div style=\"text-align: center;\">email:\u00a0<a href=\"mailto:bekesi.em@reformatus.hu\" rel=\"noreferrer\">bekesi.em@reformatus.hu<\/a><\/div><div style=\"text-align: center;\">Esperesi hivatal vezet\u0151je, esperesi titk\u00e1r:<br \/>Tubak J\u00e1nos<\/div><\/div>\t\t\t\t\t\t\t\t<\/div>\n\t\t\t\t<\/div>\n\t\t\t\t\t<\/div>\n\t\t\t\t<\/div>\n\t\t<div class=\"elementor-element elementor-element-c2855e7 e-flex e-con-boxed wpr-particle-no wpr-jarallax-no wpr-parallax-no wpr-sticky-section-no e-con e-parent\" data-id=\"c2855e7\" data-element_type=\"container\">\n\t\t\t\t\t<div class=\"e-con-inner\">\n\t\t\t\t<div class=\"elementor-element elementor-element-e041d27 elementor-widget elementor-widget-text-editor\" data-id=\"e041d27\" data-element_type=\"widget\" data-widget_type=\"text-editor.default\">\n\t\t\t\t<div class=\"elementor-widget-container\">\n\t\t\t\t\t\t\t\t\t<p>Lorem ipsum dolor sit amet, consectetur adipiscing elit. Ut elit tellus, luctus nec ullamcorper mattis, pulvinar dapibus leo.<\/p>\t\t\t\t\t\t\t\t<\/div>\n\t\t\t\t<\/div>\n\t\t\t\t\t<\/div>\n\t\t\t\t<\/div>\n\t\t<div class=\"elementor-element elementor-element-c398f59 e-flex e-con-boxed wpr-particle-no wpr-jarallax-no wpr-parallax-no wpr-sticky-section-no e-con e-parent\" data-id=\"c398f59\" data-element_type=\"container\">\n\t\t\t\t\t<div class=\"e-con-inner\">\n\t\t\t\t\t<\/div>\n\t\t\t\t<\/div>\n\t\t\t\t<\/div>\n\t\t","protected":false},"excerpt":{"rendered":"<p>Szeretettel k\u00f6sz\u00f6nt\u00f6m a B\u00e9k\u00e9si Reform\u00e1tus Egyh\u00e1zmegye honlapj\u00e1n.\u00a0 Az adatok, esem\u00e9nyek, bemutatkoz\u00f3 oldalak felt\u00f6lt\u00e9se folyamatban. Rem\u00e9nyeink szerint egy folyamatosan b\u0151v\u00fcl\u0151, tartalmas weboldallal szeretn\u00e9nk v\u00e1rni lelk\u00e9szeinket, egyh\u00e1zmegy\u00e9nk szolg\u00e1l\u00f3it, gy\u00fclekezeti tagokat, \u00e9s mindenkit,<\/p>\n","protected":false},"author":60,"featured_media":0,"parent":0,"menu_order":0,"comment_status":"closed","ping_status":"closed","template":"","meta":{"_bbp_topic_count":0,"_bbp_reply_count":0,"_bbp_total_topic_count":0,"_bbp_total_reply_count":0,"_bbp_voice_count":0,"_bbp_anonymous_reply_count":0,"_bbp_topic_count_hidden":0,"_bbp_reply_count_hidden":0,"_bbp_forum_subforum_count":0,"_themeisle_gutenberg_block_has_review":false,"footnotes":""},"class_list":["post-963","page","type-page","status-publish","hentry"],"jetpack_sharing_enabled":true,"_links":{"self":[{"href":"https:\/\/bekesmegye.reformatus.hu\/index.php?rest_route=\/wp\/v2\/pages\/963","targetHints":{"allow":["GET"]}}],"collection":[{"href":"https:\/\/bekesmegye.reformatus.hu\/index.php?rest_route=\/wp\/v2\/pages"}],"about":[{"href":"https:\/\/bekesmegye.reformatus.hu\/index.php?rest_route=\/wp\/v2\/types\/page"}],"author":[{"embeddable":true,"href":"https:\/\/bekesmegye.reformatus.hu\/index.php?rest_route=\/wp\/v2\/users\/60"}],"replies":[{"embeddable":true,"href":"https:\/\/bekesmegye.reformatus.hu\/index.php?rest_route=%2Fwp%2Fv2%2Fcomments&post=963"}],"version-history":[{"count":29,"href":"https:\/\/bekesmegye.reformatus.hu\/index.php?rest_route=\/wp\/v2\/pages\/963\/revisions"}],"predecessor-version":[{"id":1273,"href":"https:\/\/bekesmegye.reformatus.hu\/index.php?rest_route=\/wp\/v2\/pages\/963\/revisions\/1273"}],"wp:attachment":[{"href":"https:\/\/bekesmegye.reformatus.hu\/index.php?rest_route=%2Fwp%2Fv2%2Fmedia&parent=963"}],"curies":[{"name":"wp","href":"https:\/\/api.w.org\/{rel}","templated":true}]}}